{"id":585,"date":"2018-02-15T20:03:00","date_gmt":"2018-02-15T20:03:00","guid":{"rendered":"http:\/\/tus-neukoelln.de\/?page_id=585"},"modified":"2025-07-03T17:29:32","modified_gmt":"2025-07-03T17:29:32","slug":"trainingszeiten-der-weiteren-abteilungen","status":"publish","type":"page","link":"https:\/\/tus-neukoelln.de\/?page_id=585","title":{"rendered":"Trainingszeiten der weiteren Abteilungen"},"content":{"rendered":"\r\n<p>\u00a0\u00a0\u00a0\u00a0\u00a0\u00a0\u00a0\u00a0\u00a0\u00a0 Trainingszeiten der spielenden Abteilungen und der Triathlonabteilung des TuS Neuk\u00f6lln<\/p>\r\n\r\n\r\n\r\n<figure class=\"wp-block-table\">\r\n<table>\r\n<tbody>\r\n<tr>\r\n<td><a>Trainingszeitenplan TuS Neuk\u00f6lln 1865 e.V.<\/a><\/td>\r\n<\/tr>\r\n<tr>\r\n<td>Sportart<\/td>\r\n<td>Sportst\u00e4tte<\/td>\r\n<td>Ansprechpartner\/-in<\/td>\r\n<\/tr>\r\n<tr>\r\n<td>\u00a0<\/td>\r\n<td>\u00a0<\/td>\r\n<td>\u00a0<\/td>\r\n<\/tr>\r\n<tr>\r\n<td>Leichtathletik<\/td>\r\n<td>weitere Infos <a href=\"https:\/\/tus-neukoelln.de\/?page_id=753\">hier<\/a><\/td>\r\n<td>\r\n<p>n\u00e4here Informationen:<br \/>Konrad Beyer<br \/>030\/661 26 99<br \/><br \/><\/p>\r\n<p>&nbsp;<\/p>\r\n<\/td>\r\n<\/tr>\r\n<tr>\r\n<td>\u00a0<\/td>\r\n<td>\u00a0<\/td>\r\n<\/tr>\r\n<tr>\r\n<td>\u00a0<\/td>\r\n<td>\u00a0<\/td>\r\n<\/tr>\r\n<tr>\r\n<td>\u00a0<\/td>\r\n<td>\u00a0<\/td>\r\n<\/tr>\r\n<tr>\r\n<td>Basketball<\/td>\r\n<td>f\u00fcr alle Altersgruppen (w\/m):<br \/>t\u00e4glich von Montag &#8211; Freitag, <br \/>\u00fcberwiegend in der <br \/>Albert-Schweitzer-OS,<br \/>Karl-Marx-Str. 14<\/td>\r\n<td>n\u00e4here Informationen:<br \/><br \/><a href=\"http:\/\/www.tusbasket.de\">http:\/\/www.tusbasket.de\/probetraining<\/a><\/td>\r\n<\/tr>\r\n<tr>\r\n<td>Handball<\/td>\r\n<td>f\u00fcr alle Altersgruppen (w\/m):<br \/>t\u00e4glich von Montag &#8211; Freitag,<br \/>17.00 &#8211; 21.45\u00a0 \u00fcberwiegend<br \/>in der Sporthalle Harlemer Str. 23-27<br \/>N\u00e4heres auf der Handball-Seite!<\/td>\r\n<td>\r\n<p>Volker Pohland <br \/>030\/605 21 56<br \/>0173\/276 22 86<br \/><a href=\"https:\/\/handball-neukoelln.de\/willkommen.php\">https:\/\/handball-neukoelln.de\/willkommen.php<\/a><\/p>\r\n<p>&nbsp;<\/p>\r\n<\/td>\r\n<\/tr>\r\n<tr>\r\n<td>Faustball (Freizeitsport)<\/td>\r\n<td>Sonntag\u00a0\u00a0 9.30 &#8211; 13.00 <br \/>Albert-Einstein-Gymnasium<br \/>Parchimer All.109 (kl. Halle)<\/td>\r\n<td>Klaus Steinbr\u00fcck<br \/>030\/617 456 10<\/td>\r\n<\/tr>\r\n<tr>\r\n<td>Volleyball (Freizeitsport)<\/td>\r\n<td>f\u00fcr Erwachsene (w\/m):<br \/>Dienstag u. Mittw. 20.00 &#8211; 21.30 <br \/>E.-M\u00f6ricke-Schule,Stuttgarter Str. 35-39 (Eingang vom Schulhof)<\/td>\r\n<td>n\u00e4here Informationen:<br \/><br \/><br \/><a href=\"http:\/\/volleyballneukoelln.wordpress.com\">http:\/\/volleyballneukoelln.wordpress.com<\/a><\/td>\r\n<\/tr>\r\n<tr>\r\n<td>Triathlon\u00a0\u00a0<\/td>\r\n<td>Schwimmen, Radfahren und <br \/>Laufen in verschiedenen<br \/>Alters- u. Leistungsgruppen<br \/>(weiblich und m\u00e4nnlich)<\/td>\r\n<td>n\u00e4here Informationen:<br \/><br \/><a href=\"http:\/\/www.tustriathlon.de\">http:\/\/www.tustriathlon.de<\/a><\/td>\r\n<\/tr>\r\n<tr>\r\n<td>\u00a0<\/td>\r\n<\/tr>\r\n<tr>\r\n<td>\r\n<p>Weitere Informationen zu unseren vielf\u00e4ltigen Sportangeboten<br \/>k\u00f6nnen Sie in unserer<br \/>Gesch\u00e4ftsstelle:\u00a0 Dienstag, 14.00 -16.00 und <br \/>Donnerstag, 18.00 &#8211; 20.00 Uhr &#8211; Tel. 687 57 56 erfragen.<\/p>\r\n<\/td>\r\n<\/tr>\r\n<\/tbody>\r\n<\/table>\r\n<p>Hier die <a href=\"https:\/\/tus-neukoelln.de\/wp-content\/uploads\/2025\/07\/Trainingszeiten-uebrige-Sparten-07-25.pdf\">Trainingszeiten<\/a> zum Download im PDF-Format<\/p>\r\n<\/figure>\r\n","protected":false},"excerpt":{"rendered":"<p>\u00a0\u00a0\u00a0\u00a0\u00a0\u00a0\u00a0\u00a0\u00a0\u00a0 Trainingszeiten der spielenden Abteilungen und der Triathlonabteilung des TuS Neuk\u00f6lln Trainingszeitenplan TuS Neuk\u00f6lln 1865 e.V. Sportart Sportst\u00e4tte Ansprechpartner\/-in \u00a0 \u00a0 \u00a0 [&hellip;]<\/p>\n","protected":false},"author":1,"featured_media":0,"parent":0,"menu_order":0,"comment_status":"closed","ping_status":"closed","template":"","meta":{"footnotes":""},"class_list":["post-585","page","type-page","status-publish","hentry"],"_links":{"self":[{"href":"https:\/\/tus-neukoelln.de\/index.php?rest_route=\/wp\/v2\/pages\/585","targetHints":{"allow":["GET"]}}],"collection":[{"href":"https:\/\/tus-neukoelln.de\/index.php?rest_route=\/wp\/v2\/pages"}],"about":[{"href":"https:\/\/tus-neukoelln.de\/index.php?rest_route=\/wp\/v2\/types\/page"}],"author":[{"embeddable":true,"href":"https:\/\/tus-neukoelln.de\/index.php?rest_route=\/wp\/v2\/users\/1"}],"replies":[{"embeddable":true,"href":"https:\/\/tus-neukoelln.de\/index.php?rest_route=%2Fwp%2Fv2%2Fcomments&post=585"}],"version-history":[{"count":31,"href":"https:\/\/tus-neukoelln.de\/index.php?rest_route=\/wp\/v2\/pages\/585\/revisions"}],"predecessor-version":[{"id":2148,"href":"https:\/\/tus-neukoelln.de\/index.php?rest_route=\/wp\/v2\/pages\/585\/revisions\/2148"}],"wp:attachment":[{"href":"https:\/\/tus-neukoelln.de\/index.php?rest_route=%2Fwp%2Fv2%2Fmedia&parent=585"}],"curies":[{"name":"wp","href":"https:\/\/api.w.org\/{rel}","templated":true}]}}