{"id":252,"date":"2015-05-16T15:34:27","date_gmt":"2015-05-16T15:34:27","guid":{"rendered":"http:\/\/demo.athemes.com\/sydney\/?page_id=252"},"modified":"2025-10-28T13:48:34","modified_gmt":"2025-10-28T13:48:34","slug":"blog","status":"publish","type":"page","link":"https:\/\/tus-neukoelln.de\/","title":{"rendered":"Aktuelles"},"content":{"rendered":"<p><a href=\"https:\/\/tus-neukoelln.de\/?attachment_id=2178\" rel=\"attachment wp-att-2178\"><img loading=\"lazy\" decoding=\"async\" class=\"wp-image-2178 alignright\" src=\"https:\/\/tus-neukoelln.de\/wp-content\/uploads\/2025\/10\/Turn-und-Sportverein-Neukoelln-1865-e.-V.-3-280x300.png\" alt=\"\" width=\"184\" height=\"197\" srcset=\"https:\/\/tus-neukoelln.de\/wp-content\/uploads\/2025\/10\/Turn-und-Sportverein-Neukoelln-1865-e.-V.-3-280x300.png 280w, https:\/\/tus-neukoelln.de\/wp-content\/uploads\/2025\/10\/Turn-und-Sportverein-Neukoelln-1865-e.-V.-3-230x247.png 230w, https:\/\/tus-neukoelln.de\/wp-content\/uploads\/2025\/10\/Turn-und-Sportverein-Neukoelln-1865-e.-V.-3-350x375.png 350w, https:\/\/tus-neukoelln.de\/wp-content\/uploads\/2025\/10\/Turn-und-Sportverein-Neukoelln-1865-e.-V.-3-480x515.png 480w\" sizes=\"auto, (max-width: 184px) 100vw, 184px\" \/><\/a><\/p>\r\n\r\n\r\n\r\n\r\n\r\n\r\n\r\n<p><a href=\"https:\/\/tus-neukoelln.de\/wp-content\/uploads\/2025\/10\/Tower-Run-Ausschreibung-2026.pdf\"><strong>Tower Run Ausschreibung 2026 ab sofort hier zu finden!<\/strong><\/a><\/p>\r\n<p>&nbsp;<\/p>\r\n<p><strong>Sprechzeiten:<\/strong><\/p>\r\n\r\n\r\n\r\n<p>Die Gesch\u00e4ftsstelle des TuS Neuk\u00f6lln ist<\/p>\r\n<ul class=\"wp-block-list\">\r\n<li>Dienstag 14.00 &#8211; 17.00 Uhr und<\/li>\r\n<li>Donnerstag 14.00 &#8211; 20.00 Uhr besetzt. (nur ausserhalb der Ferien)<\/li>\r\n<li>Weiterhin per Mail an <a href=\"mailto:geschaeftsstelle@tus-neukoelln.de\">geschaeftsstelle@tus-neukoelln.de<\/a> \u00a0 oder per Post erreichbar.<\/li>\r\n<li>Der gesch\u00e4ftsf\u00fchrende Vorstand ist Donnerstags 18.00 &#8211; 20.00 Uhr in der Gesch\u00e4ftsstelle erreichbar! (Nicht in den Ferien!)<\/li>\r\n<\/ul>\r\n\r\n\r\n\r\n\r\n\r\n\r\n\r\n<p style=\"text-align: center;\">\u00a0<\/p>\r\n<hr \/>\r\n<p style=\"text-align: center;\"><strong>Kommentarfunktion dieser Website<\/strong><\/p>\r\n<p><strong>Bitte um Beachtung, dass die Kommentarfunktion nicht geeignet ist, Kontakt mit einer bestimmten<\/strong> <strong>Sportsparte des TuS-Neuk\u00f6lln 1865 E.V. aufzunehmen. Dazu bitte in der \u00dcbersicht der Ansprechpartner den Verantwortlichen heraussuchen.<\/strong><\/p>","protected":false},"excerpt":{"rendered":"<p>Tower Run Ausschreibung 2026 ab sofort hier zu finden! &nbsp; Sprechzeiten: Die Gesch\u00e4ftsstelle des TuS Neuk\u00f6lln ist Dienstag 14.00 &#8211; 17.00 Uhr [&hellip;]<\/p>\n","protected":false},"author":1,"featured_media":0,"parent":705,"menu_order":0,"comment_status":"open","ping_status":"open","template":"","meta":{"footnotes":""},"class_list":["post-252","page","type-page","status-publish","hentry"],"_links":{"self":[{"href":"https:\/\/tus-neukoelln.de\/index.php?rest_route=\/wp\/v2\/pages\/252","targetHints":{"allow":["GET"]}}],"collection":[{"href":"https:\/\/tus-neukoelln.de\/index.php?rest_route=\/wp\/v2\/pages"}],"about":[{"href":"https:\/\/tus-neukoelln.de\/index.php?rest_route=\/wp\/v2\/types\/page"}],"author":[{"embeddable":true,"href":"https:\/\/tus-neukoelln.de\/index.php?rest_route=\/wp\/v2\/users\/1"}],"replies":[{"embeddable":true,"href":"https:\/\/tus-neukoelln.de\/index.php?rest_route=%2Fwp%2Fv2%2Fcomments&post=252"}],"version-history":[{"count":90,"href":"https:\/\/tus-neukoelln.de\/index.php?rest_route=\/wp\/v2\/pages\/252\/revisions"}],"predecessor-version":[{"id":2184,"href":"https:\/\/tus-neukoelln.de\/index.php?rest_route=\/wp\/v2\/pages\/252\/revisions\/2184"}],"up":[{"embeddable":true,"href":"https:\/\/tus-neukoelln.de\/index.php?rest_route=\/wp\/v2\/pages\/705"}],"wp:attachment":[{"href":"https:\/\/tus-neukoelln.de\/index.php?rest_route=%2Fwp%2Fv2%2Fmedia&parent=252"}],"curies":[{"name":"wp","href":"https:\/\/api.w.org\/{rel}","templated":true}]}}