{"id":939,"date":"2018-09-27T17:35:38","date_gmt":"2018-09-27T17:35:38","guid":{"rendered":"http:\/\/tus-neukoelln.de\/?page_id=939"},"modified":"2024-02-05T07:36:00","modified_gmt":"2024-02-05T07:36:00","slug":"formulare","status":"publish","type":"page","link":"https:\/\/tus-neukoelln.de\/?page_id=939","title":{"rendered":"Formulare"},"content":{"rendered":"<ul>\n<li>Die <a href=\"https:\/\/tus-neukoelln.de\/wp-content\/uploads\/2018\/09\/Beitrittserkl\u00e4rung.pdf\">Beitrittserkl\u00e4rung<\/a><\/li>\n<li><a href=\"https:\/\/tus-neukoelln.de\/wp-content\/uploads\/2018\/09\/Einwilligung_Art._7_DSGVO-EDV-u.-Fotos.pdf\">Einwilligung<\/a> gem. Art. 7 DSGVO (Datenverarbeitung inkl. Fotover\u00f6ffentlichungen)<\/li>\n<li><a href=\"https:\/\/tus-neukoelln.de\/wp-content\/uploads\/2018\/09\/Informationspflichten_Art_13_14_DSGVO.pdf\">Informationspflicht<\/a> gem. Art. 13 und 14 DSGVO<\/li>\n<li>Formular <a href=\"https:\/\/tus-neukoelln.de\/wp-content\/uploads\/2021\/02\/Ehrenkodex_TuS-1.pdf\">Ehrenkodex<\/a> des TuS Neuk\u00f6lln 1865 e.V. f\u00fcr Trainer und Betreuer von Kindern und Jugendlichen im Sport<\/li>\n<\/ul>\n","protected":false},"excerpt":{"rendered":"<p>Die Beitrittserkl\u00e4rung Einwilligung gem. Art. 7 DSGVO (Datenverarbeitung inkl. Fotover\u00f6ffentlichungen) Informationspflicht gem. Art. 13 und 14 DSGVO Formular Ehrenkodex des TuS Neuk\u00f6lln [&hellip;]<\/p>\n","protected":false},"author":1,"featured_media":0,"parent":0,"menu_order":0,"comment_status":"closed","ping_status":"closed","template":"","meta":{"footnotes":""},"class_list":["post-939","page","type-page","status-publish","hentry"],"_links":{"self":[{"href":"https:\/\/tus-neukoelln.de\/index.php?rest_route=\/wp\/v2\/pages\/939","targetHints":{"allow":["GET"]}}],"collection":[{"href":"https:\/\/tus-neukoelln.de\/index.php?rest_route=\/wp\/v2\/pages"}],"about":[{"href":"https:\/\/tus-neukoelln.de\/index.php?rest_route=\/wp\/v2\/types\/page"}],"author":[{"embeddable":true,"href":"https:\/\/tus-neukoelln.de\/index.php?rest_route=\/wp\/v2\/users\/1"}],"replies":[{"embeddable":true,"href":"https:\/\/tus-neukoelln.de\/index.php?rest_route=%2Fwp%2Fv2%2Fcomments&post=939"}],"version-history":[{"count":12,"href":"https:\/\/tus-neukoelln.de\/index.php?rest_route=\/wp\/v2\/pages\/939\/revisions"}],"predecessor-version":[{"id":1982,"href":"https:\/\/tus-neukoelln.de\/index.php?rest_route=\/wp\/v2\/pages\/939\/revisions\/1982"}],"wp:attachment":[{"href":"https:\/\/tus-neukoelln.de\/index.php?rest_route=%2Fwp%2Fv2%2Fmedia&parent=939"}],"curies":[{"name":"wp","href":"https:\/\/api.w.org\/{rel}","templated":true}]}}