{"id":2193,"date":"2025-11-06T18:10:52","date_gmt":"2025-11-06T18:10:52","guid":{"rendered":"http:\/\/tus-neukoelln.de\/?page_id=2193"},"modified":"2025-11-25T13:35:11","modified_gmt":"2025-11-25T13:35:11","slug":"kinderschutz","status":"publish","type":"page","link":"http:\/\/tus-neukoelln.de\/?page_id=2193","title":{"rendered":"Kinderschutz"},"content":{"rendered":"<p>Das Wohlergehen und die gesunde Entwicklung der uns als Sportverein anvertrauten Kinder und Jugendlichen ist dem TuS Neuk\u00f6lln ein wichtiges Anliegen und selbstverst\u00e4ndliche Verpflichtung.<\/p>\n<p>Daher haben wir die Eignung unserer Trainer, \u00dcbungsleiter und Betreuer, die regelm\u00e4\u00dfig mit Kindern und Jugendlichen in Kontakt kommen, \u00fcberpr\u00fcft und von ihnen die Vorlage eines &#8222;erweiterten polizeilichen F\u00fchrungszeugnisses&#8220;, die Unterzeichnung des &#8222;Ehrenkodex&#8220; der Deutschen Sportjugend und des DOSB und die Teilnahme an einer Schulung durch LSB-Fachreferenten zum Kinderschutz und zur Pr\u00e4vention gefordert.<\/p>\n<p>Nach Abschlu\u00df des Pr\u00fcfverfahrens hat der LSB Berlin dem TuS Neuk\u00f6lln 1865 e.V. das LSB-Kinderschutzsiegel verliehen.<\/p>\n<p><a href=\"http:\/\/tus-neukoelln.de\/?attachment_id=2179\" rel=\"attachment wp-att-2179\"><img loading=\"lazy\" decoding=\"async\" class=\"alignnone size-medium wp-image-2179\" src=\"http:\/\/tus-neukoelln.de\/wp-content\/uploads\/2025\/10\/Turn-und-Sportverein-Neukoelln-1865-e.-V.-4-280x300.png\" alt=\"\" width=\"280\" height=\"300\" srcset=\"http:\/\/tus-neukoelln.de\/wp-content\/uploads\/2025\/10\/Turn-und-Sportverein-Neukoelln-1865-e.-V.-4-280x300.png 280w, http:\/\/tus-neukoelln.de\/wp-content\/uploads\/2025\/10\/Turn-und-Sportverein-Neukoelln-1865-e.-V.-4-230x247.png 230w, http:\/\/tus-neukoelln.de\/wp-content\/uploads\/2025\/10\/Turn-und-Sportverein-Neukoelln-1865-e.-V.-4-350x375.png 350w, http:\/\/tus-neukoelln.de\/wp-content\/uploads\/2025\/10\/Turn-und-Sportverein-Neukoelln-1865-e.-V.-4-480x515.png 480w\" sizes=\"auto, (max-width: 280px) 100vw, 280px\" \/><\/a><\/p>\n<p>Ansprechpartner ist der Kinderschutzbeauftragte Peter Menzel<\/p>\n<p>Erreichbar per E-Mail: <a href=\"mailto:Kinderschutz@tus-neukoelln.de\">Kinderschutz@tus-neukoelln.de<\/a> oder telefonisch unter 01515 2982594<\/p>\n","protected":false},"excerpt":{"rendered":"<p>Das Wohlergehen und die gesunde Entwicklung der uns als Sportverein anvertrauten Kinder und Jugendlichen ist dem TuS Neuk\u00f6lln ein wichtiges Anliegen und [&hellip;]<\/p>\n","protected":false},"author":1,"featured_media":0,"parent":0,"menu_order":0,"comment_status":"closed","ping_status":"closed","template":"","meta":{"footnotes":""},"class_list":["post-2193","page","type-page","status-publish","hentry"],"_links":{"self":[{"href":"http:\/\/tus-neukoelln.de\/index.php?rest_route=\/wp\/v2\/pages\/2193","targetHints":{"allow":["GET"]}}],"collection":[{"href":"http:\/\/tus-neukoelln.de\/index.php?rest_route=\/wp\/v2\/pages"}],"about":[{"href":"http:\/\/tus-neukoelln.de\/index.php?rest_route=\/wp\/v2\/types\/page"}],"author":[{"embeddable":true,"href":"http:\/\/tus-neukoelln.de\/index.php?rest_route=\/wp\/v2\/users\/1"}],"replies":[{"embeddable":true,"href":"http:\/\/tus-neukoelln.de\/index.php?rest_route=%2Fwp%2Fv2%2Fcomments&post=2193"}],"version-history":[{"count":6,"href":"http:\/\/tus-neukoelln.de\/index.php?rest_route=\/wp\/v2\/pages\/2193\/revisions"}],"predecessor-version":[{"id":2207,"href":"http:\/\/tus-neukoelln.de\/index.php?rest_route=\/wp\/v2\/pages\/2193\/revisions\/2207"}],"wp:attachment":[{"href":"http:\/\/tus-neukoelln.de\/index.php?rest_route=%2Fwp%2Fv2%2Fmedia&parent=2193"}],"curies":[{"name":"wp","href":"https:\/\/api.w.org\/{rel}","templated":true}]}}